{"id":474,"date":"2026-02-17T13:31:28","date_gmt":"2026-02-17T12:31:28","guid":{"rendered":"https:\/\/gwara.czestochowa.pl\/?page_id=474"},"modified":"2026-02-17T13:40:53","modified_gmt":"2026-02-17T12:40:53","slug":"zakonczenie","status":"publish","type":"page","link":"https:\/\/gwara.czestochowa.pl\/","title":{"rendered":"Zako\u0144czenie"},"content":{"rendered":"\t\t<div data-elementor-type=\"wp-page\" data-elementor-id=\"474\" class=\"elementor elementor-474\">\n\t\t\t\t<div class=\"elementor-element elementor-element-a551d0d e-flex e-con-boxed e-con e-parent\" data-id=\"a551d0d\" data-element_type=\"container\" data-settings=\"{&quot;background_background&quot;:&quot;gradient&quot;}\">\n\t\t\t\t\t<div class=\"e-con-inner\">\n\t\t\t\t<div class=\"elementor-element elementor-element-49de245 elementor-widget elementor-widget-heading\" data-id=\"49de245\" data-element_type=\"widget\" data-widget_type=\"heading.default\">\n\t\t\t\t\t<h1 class=\"elementor-heading-title elementor-size-default\">informacja o zako\u0144czeniu konkursu<\/h1>\t\t\t\t<\/div>\n\t\t\t\t<div class=\"elementor-element elementor-element-3343e23 elementor-widget elementor-widget-text-editor\" data-id=\"3343e23\" data-element_type=\"widget\" data-widget_type=\"text-editor.default\">\n\t\t\t\t\t\t\t\t\t<p data-start=\"257\" data-end=\"371\">Informujemy, \u017ce jednorazowy konkurs gwarowy organizowany przez Wydzia\u0142 Informacji i Komunikacji zosta\u0142 zako\u0144czony.<\/p><p data-start=\"373\" data-end=\"557\">Po zapoznaniu si\u0119 z nades\u0142anymi pracami oraz ich szczeg\u00f3\u0142owej analizie Jury, dzia\u0142aj\u0105c zgodnie <br \/>z postanowieniami Regulaminu konkursu, podj\u0119\u0142o decyzj\u0119 o <strong data-start=\"525\" data-end=\"556\">nierozstrzygni\u0119ciu konkursu<\/strong>.<\/p><p data-start=\"559\" data-end=\"774\">Dzi\u0119kujemy wszystkim osobom, kt\u00f3re wzi\u0119\u0142y udzia\u0142 w wydarzeniu i podj\u0119\u0142y si\u0119 tw\u00f3rczego wykorzystania lokalnej gwary. <br \/>Pa\u0144stwa zaanga\u017cowanie i zainteresowanie tematyk\u0105 dziedzictwa j\u0119zykowego s\u0105 dla nas niezwykle cenne.<\/p>\t\t\t\t\t\t\t\t<\/div>\n\t\t\t\t\t<\/div>\n\t\t\t\t<\/div>\n\t\t<div class=\"elementor-element elementor-element-0a6565d e-flex e-con-boxed e-con e-parent\" data-id=\"0a6565d\" data-element_type=\"container\" data-settings=\"{&quot;background_background&quot;:&quot;classic&quot;}\">\n\t\t\t\t\t<div class=\"e-con-inner\">\n\t\t\t\t<div class=\"elementor-element elementor-element-76571b0 elementor-icon-list--layout-inline elementor-align-right elementor-widget__width-inherit elementor-list-item-link-full_width elementor-widget elementor-widget-icon-list\" data-id=\"76571b0\" data-element_type=\"widget\" data-widget_type=\"icon-list.default\">\n\t\t\t\t\t\t\t<ul class=\"elementor-icon-list-items elementor-inline-items\">\n\t\t\t\t\t\t\t<li class=\"elementor-icon-list-item elementor-inline-item\">\n\t\t\t\t\t\t\t\t\t\t\t<a href=\"https:\/\/gwara.czestochowa.pl\/index.php\/polityka-prywatnosci\/\">\n\n\t\t\t\t\t\t\t\t\t\t\t<span class=\"elementor-icon-list-text\">Polityka prywatno\u015bci<\/span>\n\t\t\t\t\t\t\t\t\t\t\t<\/a>\n\t\t\t\t\t\t\t\t\t<\/li>\n\t\t\t\t\t\t\t\t<li class=\"elementor-icon-list-item elementor-inline-item\">\n\t\t\t\t\t\t\t\t\t\t\t<a href=\"https:\/\/gwara.czestochowa.pl\/index.php\/deklaracja-dostepnosci\/\">\n\n\t\t\t\t\t\t\t\t\t\t\t<span class=\"elementor-icon-list-text\">Deklaracja Dost\u0119pno\u015bci<\/span>\n\t\t\t\t\t\t\t\t\t\t\t<\/a>\n\t\t\t\t\t\t\t\t\t<\/li>\n\t\t\t\t\t\t<\/ul>\n\t\t\t\t\t\t<\/div>\n\t\t\t\t\t<\/div>\n\t\t\t\t<\/div>\n\t\t\t\t<\/div>\n\t\t","protected":false},"excerpt":{"rendered":"<p>informacja o zako\u0144czeniu konkursu Informujemy, \u017ce jednorazowy konkurs gwarowy organizowany przez Wydzia\u0142 Informacji i Komunikacji zosta\u0142 zako\u0144czony. Po zapoznaniu si\u0119 z nades\u0142anymi pracami oraz ich szczeg\u00f3\u0142owej analizie Jury, dzia\u0142aj\u0105c zgodnie z postanowieniami Regulaminu konkursu, podj\u0119\u0142o decyzj\u0119 o nierozstrzygni\u0119ciu konkursu. Dzi\u0119kujemy wszystkim osobom, kt\u00f3re wzi\u0119\u0142y udzia\u0142 w wydarzeniu i podj\u0119\u0142y si\u0119 tw\u00f3rczego wykorzystania lokalnej gwary. Pa\u0144stwa [&hellip;]<\/p>\n","protected":false},"author":1,"featured_media":0,"parent":0,"menu_order":0,"comment_status":"closed","ping_status":"closed","template":"elementor_canvas","meta":{"footnotes":""},"class_list":["post-474","page","type-page","status-publish","hentry"],"_links":{"self":[{"href":"https:\/\/gwara.czestochowa.pl\/index.php\/wp-json\/wp\/v2\/pages\/474","targetHints":{"allow":["GET"]}}],"collection":[{"href":"https:\/\/gwara.czestochowa.pl\/index.php\/wp-json\/wp\/v2\/pages"}],"about":[{"href":"https:\/\/gwara.czestochowa.pl\/index.php\/wp-json\/wp\/v2\/types\/page"}],"author":[{"embeddable":true,"href":"https:\/\/gwara.czestochowa.pl\/index.php\/wp-json\/wp\/v2\/users\/1"}],"replies":[{"embeddable":true,"href":"https:\/\/gwara.czestochowa.pl\/index.php\/wp-json\/wp\/v2\/comments?post=474"}],"version-history":[{"count":16,"href":"https:\/\/gwara.czestochowa.pl\/index.php\/wp-json\/wp\/v2\/pages\/474\/revisions"}],"predecessor-version":[{"id":492,"href":"https:\/\/gwara.czestochowa.pl\/index.php\/wp-json\/wp\/v2\/pages\/474\/revisions\/492"}],"wp:attachment":[{"href":"https:\/\/gwara.czestochowa.pl\/index.php\/wp-json\/wp\/v2\/media?parent=474"}],"curies":[{"name":"wp","href":"https:\/\/api.w.org\/{rel}","templated":true}]}}