{"id":3,"date":"2025-09-30T09:14:45","date_gmt":"2025-09-30T07:14:45","guid":{"rendered":"http:\/\/gwara.czestochowa.pl\/?page_id=3"},"modified":"2025-10-01T14:53:31","modified_gmt":"2025-10-01T12:53:31","slug":"polityka-prywatnosci","status":"publish","type":"page","link":"https:\/\/gwara.czestochowa.pl\/index.php\/polityka-prywatnosci\/","title":{"rendered":"Polityka prywatno\u015bci"},"content":{"rendered":"\t\t<div data-elementor-type=\"wp-page\" data-elementor-id=\"3\" class=\"elementor elementor-3\">\n\t\t\t\t<div class=\"elementor-element elementor-element-f40a0c3 e-flex e-con-boxed e-con e-parent\" data-id=\"f40a0c3\" data-element_type=\"container\" data-settings=\"{&quot;background_background&quot;:&quot;classic&quot;}\">\n\t\t\t\t\t<div class=\"e-con-inner\">\n\t\t\t\t<div class=\"elementor-element elementor-element-5873f68 elementor-widget elementor-widget-heading\" data-id=\"5873f68\" data-element_type=\"widget\" data-widget_type=\"heading.default\">\n\t\t\t\t\t<h1 class=\"elementor-heading-title elementor-size-default\">Regulamin u\u017cytkowania i polityka prywatno\u015bci serwisu<\/h1>\t\t\t\t<\/div>\n\t\t\t\t\t<\/div>\n\t\t\t\t<\/div>\n\t\t<div class=\"elementor-element elementor-element-3b224c7d e-flex e-con-boxed e-con e-parent\" data-id=\"3b224c7d\" data-element_type=\"container\">\n\t\t\t\t\t<div class=\"e-con-inner\">\n\t\t\t\t<div class=\"elementor-element elementor-element-176a9df9 elementor-widget elementor-widget-text-editor\" data-id=\"176a9df9\" data-element_type=\"widget\" data-widget_type=\"text-editor.default\">\n\t\t\t\t\t\t\t\t\t\n<p>Wszelkie prawa do zawarto\u015bci serwisu Urz\u0119du Miasta Cz\u0119stochowy <a href=\"https:\/\/gwara.czestochowa.pl\/\">https:\/\/gwara.czestochowa.pl\/<\/a> s\u0105 zastrze\u017cone.<\/p>\n<p>U\u017cytkownik ma prawo do pobierania oraz drukowania ca\u0142ych stron lub fragment\u00f3w portalu miasta Cz\u0119stochowy pod warunkiem nienaruszania praw autorskich oraz praw o rejestracji znak\u00f3w nale\u017c\u0105cych do Urz\u0119du Miasta Cz\u0119stochowy. \u017badna cz\u0119\u015b\u0107 serwisu nie mo\u017ce by\u0107 w ca\u0142o\u015bci lub cz\u0119\u015bci kopiowana w celach komercyjnych, transmitowana elektronicznie lub w inny spos\u00f3b modyfikowana, linkowana lub wykorzystana bez uprzedniej zgody Urz\u0119du Miasta Cz\u0119stochowy.<\/p>\n\n<p><strong>Cookie<\/strong><\/p>\n\n<p>Poprzez pliki cookie (ciasteczka) nale\u017cy rozumie\u0107 dane informatyczne, w szczeg\u00f3lno\u015bci pliki tekstowe, przechowywane w urz\u0105dzeniach ko\u0144cowych u\u017cytkownik\u00f3w przeznaczone do korzystania ze stron internetowych. W serwisie <a href=\"https:\/\/gwara.czestochowa.pl\/\">https:\/\/gwara.czestochowa.pl\/<\/a>\u00a0za pomoc\u0105 technologii cookie zbierane s\u0105 jedynie anonimowe dane statystyczne o u\u017cytkownikach s\u0142u\u017c\u0105ce do poprawy wygody korzystania z portalu.<\/p>\n\n<p><strong>Kontakt<\/strong><\/p>\n\n<p>U\u017cytkownicy, kt\u00f3rzy maj\u0105 pytania dotycz\u0105ce niniejszej deklaracji ochrony prywatno\u015bci, praktyk stosowanych na tej stronie, czy te\u017c sposob\u00f3w utrzymywania z ni\u0105 kontakt\u00f3w, proszone s\u0105 o wys\u0142anie uwag pod adres:\u00a0<a href=\"mailto:webmaster@czestochowa.pl\">webmaster@czestochowa.pl<\/a>.<\/p>\n\n<p>Korzystaj\u0105c z serwis\u00f3w internetowych Urz\u0119du Miasta Cz\u0119stochowy akceptujecie Pa\u0144stwo zasady zawarte w polityce prywatno\u015bci portalu <a href=\"https:\/\/gwara.czestochowa.pl\/\">https:\/\/gwara.czestochowa.pl\/<\/a><\/p>\n\n<p>W przypadku zmiany obowi\u0105zuj\u0105cej polityki prywatno\u015bci w portalu <a href=\"https:\/\/gwara.czestochowa.pl\/\">https:\/\/gwara.czestochowa.pl\/<\/a>, wprowadzone zostan\u0105 odpowiednie modyfikacje do powy\u017cszego zapisu.<\/p>\n\t\t\t\t\t\t\t\t<\/div>\n\t\t\t\t\t<\/div>\n\t\t\t\t<\/div>\n\t\t\t\t<\/div>\n\t\t","protected":false},"excerpt":{"rendered":"<p>Regulamin u\u017cytkowania i polityka prywatno\u015bci serwisu Wszelkie prawa do zawarto\u015bci serwisu Urz\u0119du Miasta Cz\u0119stochowy https:\/\/gwara.czestochowa.pl\/ s\u0105 zastrze\u017cone. U\u017cytkownik ma prawo do pobierania oraz drukowania ca\u0142ych stron lub fragment\u00f3w portalu miasta Cz\u0119stochowy pod warunkiem nienaruszania praw autorskich oraz praw o rejestracji znak\u00f3w nale\u017c\u0105cych do Urz\u0119du Miasta Cz\u0119stochowy. \u017badna cz\u0119\u015b\u0107 serwisu nie mo\u017ce by\u0107 w ca\u0142o\u015bci lub [&hellip;]<\/p>\n","protected":false},"author":1,"featured_media":0,"parent":0,"menu_order":0,"comment_status":"closed","ping_status":"open","template":"","meta":{"footnotes":""},"class_list":["post-3","page","type-page","status-publish","hentry"],"_links":{"self":[{"href":"https:\/\/gwara.czestochowa.pl\/index.php\/wp-json\/wp\/v2\/pages\/3","targetHints":{"allow":["GET"]}}],"collection":[{"href":"https:\/\/gwara.czestochowa.pl\/index.php\/wp-json\/wp\/v2\/pages"}],"about":[{"href":"https:\/\/gwara.czestochowa.pl\/index.php\/wp-json\/wp\/v2\/types\/page"}],"author":[{"embeddable":true,"href":"https:\/\/gwara.czestochowa.pl\/index.php\/wp-json\/wp\/v2\/users\/1"}],"replies":[{"embeddable":true,"href":"https:\/\/gwara.czestochowa.pl\/index.php\/wp-json\/wp\/v2\/comments?post=3"}],"version-history":[{"count":10,"href":"https:\/\/gwara.czestochowa.pl\/index.php\/wp-json\/wp\/v2\/pages\/3\/revisions"}],"predecessor-version":[{"id":281,"href":"https:\/\/gwara.czestochowa.pl\/index.php\/wp-json\/wp\/v2\/pages\/3\/revisions\/281"}],"wp:attachment":[{"href":"https:\/\/gwara.czestochowa.pl\/index.php\/wp-json\/wp\/v2\/media?parent=3"}],"curies":[{"name":"wp","href":"https:\/\/api.w.org\/{rel}","templated":true}]}}