{"id":273,"date":"2025-10-01T14:50:22","date_gmt":"2025-10-01T12:50:22","guid":{"rendered":"http:\/\/gwara.czestochowa.pl\/?page_id=273"},"modified":"2025-10-01T14:53:26","modified_gmt":"2025-10-01T12:53:26","slug":"deklaracja-dostepnosci","status":"publish","type":"page","link":"https:\/\/gwara.czestochowa.pl\/index.php\/deklaracja-dostepnosci\/","title":{"rendered":"Deklaracja Dost\u0119pno\u015bci"},"content":{"rendered":"\t\t<div data-elementor-type=\"wp-page\" data-elementor-id=\"273\" class=\"elementor elementor-273\">\n\t\t\t\t<div class=\"elementor-element elementor-element-d72ed35 e-flex e-con-boxed e-con e-parent\" data-id=\"d72ed35\" data-element_type=\"container\" data-settings=\"{&quot;background_background&quot;:&quot;classic&quot;}\">\n\t\t\t\t\t<div class=\"e-con-inner\">\n\t\t\t\t<div class=\"elementor-element elementor-element-90ea7da elementor-widget elementor-widget-heading\" data-id=\"90ea7da\" data-element_type=\"widget\" data-widget_type=\"heading.default\">\n\t\t\t\t\t<h1 class=\"elementor-heading-title elementor-size-default\">Deklaracja dost\u0119pno\u015bci<\/h1>\t\t\t\t<\/div>\n\t\t\t\t\t<\/div>\n\t\t\t\t<\/div>\n\t\t<div class=\"elementor-element elementor-element-7089fe7 e-flex e-con-boxed e-con e-parent\" data-id=\"7089fe7\" data-element_type=\"container\">\n\t\t\t\t\t<div class=\"e-con-inner\">\n\t\t\t\t<div class=\"elementor-element elementor-element-e11a6e2 elementor-widget elementor-widget-text-editor\" data-id=\"e11a6e2\" data-element_type=\"widget\" data-widget_type=\"text-editor.default\">\n\t\t\t\t\t\t\t\t\t<section id=\"a11y-wstep\"><span id=\"a11y-podmiot\">Urz\u0105d Miasta Cz\u0119stochowa<\/span> zobowi\u0105zuje si\u0119 zapewni\u0107 dost\u0119pno\u015b\u0107 swojej <span id=\"a11y-zakres\">strony internetowej<\/span> zgodnie z ustaw\u0105 z dnia 4 kwietnia 2019 r. o dost\u0119pno\u015bci cyfrowej stron internetowych i aplikacji mobilnych podmiot\u00f3w publicznych. Deklaracja dost\u0119pno\u015bci dotyczy strony <a href=\"https:\/\/gwara.czestochowa.pl\/\">https:\/\/gwara.czestochowa.pl\/<\/a><\/section><section><ul><li>Data publikacji strony internetowej: <time id=\"a11y-data-publikacja\" datetime=\"2014-12-04.\">2025-01-10<\/time><\/li><li>Data ostatniej istotnej aktualizacji:<time id=\"a11y-data-aktualizacja\" datetime=\"2018-07-03\">2025-01-10<\/time><\/li><\/ul><\/section><section><h2>Stan dost\u0119pno\u015bci cyfrowej<\/h2><p id=\"a11y-status\">Ta strona internetowa jest cz\u0119\u015bciowo zgodna z za\u0142\u0105cznikiem do ustawy o dost\u0119pno\u015bci cyfrowej z dnia 4 kwietnia 2019 r. o dost\u0119pno\u015bci cyfrowej stron internetowych i aplikacji mobilnych podmiot\u00f3w publicznych z powodu [niezgodno\u015bci i wy\u0142\u0105cze\u0144] wymienionych poni\u017cej.<\/p><\/section><section><h2>Niedost\u0119pne tre\u015bci<\/h2><section><h3>Niezgodno\u015b\u0107 z za\u0142\u0105cznikiem<\/h3><ul><li>Brak odpowiedniej struktury nag\u0142\u00f3wkowej strony<\/li><\/ul><\/section><section><h3>Tre\u015bci nieobj\u0119te przepisami<\/h3><ul><li>Dokumenty tekstowe i tekstowo-graficzne, dokumenty utworzone w programach przeznaczonych do tworzenia prezentacji lub arkuszy kalkulacyjnych, opublikowane przed dniem 23 wrze\u015bnia 2018 r. s\u0105 wy\u0142\u0105czone z obowi\u0105zku zapewniania dost\u0119pno\u015bci.<\/li><li>Pliki wytworzone przez inne podmioty ni\u017c Urz\u0105d Miasta Cz\u0119stochowy i przekazane do publikacji w formie papierowej lub skan\u00f3w nie s\u0105 dost\u0119pne z uwagi na brak dost\u0119pu do danych \u017ar\u00f3d\u0142owych.<\/li><\/ul><\/section><\/section><section><h2>Przygotowanie deklaracji dost\u0119pno\u015bci<\/h2><ul><li>Data sporz\u0105dzenia deklaracji: <time id=\"a11y-data-sporzadzenie\" datetime=\"2020-09-22\"> 2020-09-22<\/time><\/li><li>Data ostatniego przegl\u0105du deklaracji: <time id=\"a11y-data-przeglad\" datetime=\"2020-09-22\"> 2025-09-25<\/time><\/li><\/ul><p>Deklaracj\u0119 sporz\u0105dzili\u015bmy na podstawie samooceny w oparciu o <a href=\"https:\/\/www.gov.pl\/attachment\/1a3e2bb5-6d60-4897-ac2f-07a8e91e70ed\">List\u0119 kontroln\u0105 do badania dost\u0119pno\u015bci cyfrowej strony internetowej v. 2.2 (docx, 0,12MB)<\/a>.<\/p><\/section><section><h2>Skr\u00f3ty klawiszowe<\/h2><ul><li>Na stronie internetowej mo\u017cna korzysta\u0107 ze standardowych skr\u00f3t\u00f3w klawiaturowych.Opr\u00f3cz myszki po witrynie mo\u017cna si\u0119 porusza\u0107 za pomoc\u0105 klawiatury. Klawisz \u201eTAB\u201d przesunie fokus do ka\u017cdej z opcji nawigacji lub link\u00f3w na ekranie.U\u017cywaj\u0105c strza\u0142ek \u201ew d\u00f3\u0142\u201d i \u201ew g\u00f3r\u0119\u201d mo\u017cna przewija\u0107 stron\u0119. U\u0142atwienia dla os\u00f3b niedowidz\u0105cych: wersja kontrastowa strony.<\/li><\/ul><\/section><section><h2>Informacje zwrotne i dane kontaktowe<\/h2><p>Wszystkie problemy z dost\u0119pno\u015bci\u0105 cyfrow\u0105 tej strony internetowej mo\u017cesz zg\u0142osi\u0107 do <span id=\"a11y-kontakt\">Marta Teper<\/span> \u2013 mejlowo <a id=\"a11y-email\" href=\"mailto:dostepnosc@czestochowa.um.gov.pl\">dostepnosc@czestochowa.um.gov.pl<\/a> lub telefonicznie <a id=\"a11y-telefon\" href=\"tel:343707594\">34 37 07 594<\/a>.<\/p><p>Ka\u017cdy ma prawo wyst\u0105pi\u0107 z \u017c\u0105daniem zapewnienia dost\u0119pno\u015bci cyfrowej tej strony internetowej lub jej element\u00f3w.<\/p><p>Zg\u0142aszaj\u0105c takie \u017c\u0105danie podaj:<\/p><ul><li>swoje imi\u0119 i nazwisko,<\/li><li>swoje dane kontaktowe (np. numer telefonu, e-mail),<\/li><li>dok\u0142adny adres strony internetowej, na kt\u00f3rej jest niedost\u0119pny cyfrowo element lub tre\u015b\u0107,<\/li><li>opis na czym polega problem i jaki spos\u00f3b jego rozwi\u0105zania by\u0142by dla Ciebie najwygodniejszy.<\/li><\/ul><p>Na Twoje zg\u0142oszenie odpowiemy najszybciej jak to mo\u017cliwe, nie p\u00f3\u017aniej ni\u017c w ci\u0105gu 7 dni od jego otrzymania.<\/p><p>Je\u017celi ten termin b\u0119dzie dla nas zbyt kr\u00f3tki poinformujemy Ci\u0119 o tym. W tej informacji podamy nowy termin, do kt\u00f3rego poprawimy zg\u0142oszone przez Ciebie b\u0142\u0119dy lub przygotujemy informacje w alternatywny spos\u00f3b. Ten nowy termin nie b\u0119dzie d\u0142u\u017cszy ni\u017c 2 miesi\u0105ce.<\/p><p>Je\u017celi nie b\u0119dziemy w stanie zapewni\u0107 dost\u0119pno\u015bci cyfrowej strony internetowej lub tre\u015bci, wskazanej w Twoim \u017c\u0105daniu, zaproponujemy Ci dost\u0119p do nich w alternatywny spos\u00f3b.<\/p><\/section><section id=\"a11y-procedura\"><h2>Obs\u0142uga wniosk\u00f3w i skarg zwi\u0105zanych z dost\u0119pno\u015bci\u0105<\/h2><p>Je\u017celi w odpowiedzi na Tw\u00f3j wniosek o zapewnienie dost\u0119pno\u015bci cyfrowej, odm\u00f3wimy zapewnienia \u017c\u0105danej przez Ciebie dost\u0119pno\u015bci cyfrowej, a Ty nie zgadzasz si\u0119 z t\u0105 odmow\u0105, masz prawo z\u0142o\u017cy\u0107 skarg\u0119.<\/p><p>Skarg\u0119 masz prawo z\u0142o\u017cy\u0107 tak\u017ce, je\u015bli nie zgadzasz si\u0119 na skorzystanie z alternatywnego sposobu dost\u0119pu, kt\u00f3ry zaproponowali\u015bmy Ci w odpowiedzi na Tw\u00f3j wniosek o zapewnienie dost\u0119pno\u015bci cyfrowej.<\/p><p>Ewentualn\u0105 skarg\u0119 z\u0142\u00f3\u017c listownie lub mailem do kierownictwa naszego urz\u0119du:<\/p><ul><li><span id=\"a11y-procedura-kierownik\">Prezydent Miasta Cz\u0119stochowy<\/span>,<\/li><li>Adres: <span id=\"a11y-procedura-adres\">ul. \u015al\u0105ska 11\/13 42-217 Cz\u0119stochowa<\/span>,<\/li><li>mejl: <a id=\"a11y-procedura-email\" href=\"mailto:info@czestochowa.um.gov.pl\">info@czestochowa.um.gov.pl<\/a><\/li><\/ul><p><a href=\"https:\/\/www.gov.pl\/web\/gov\/zloz-wniosek-o-zapewnienie-dostepnosci-cyfrowej-strony-internetowej-lub-aplikacji-mobilnej\">Pomocne mog\u0105 by\u0107 informacje, kt\u00f3re mo\u017cna znale\u017a\u0107 na rz\u0105dowym portalu gov.pl<\/a>.<\/p><p>Mo\u017cesz tak\u017ce poinformowa\u0107 o tej sytuacji <a href=\"https:\/\/bip.brpo.gov.pl\/\">Rzecznika Praw Obywatelskich<\/a> i poprosi\u0107 o interwencj\u0119 w Twojej sprawie.<\/p><\/section><section><h2>Pozosta\u0142e informacje<\/h2><section id=\"a11y-architektura\"><h3>Dost\u0119pno\u015b\u0107 architektoniczna<\/h3><section>Szczeg\u00f3\u0142owe informacje dotycz\u0105ce dost\u0119pno\u015bci architektonicznej znajduj\u0105 si\u0119 na stronie: <a id=\"a11y-architektura-url\" href=\"https:\/\/bip.czestochowa.pl\/artykul\/71377\/1166336\/dostepnosc-architektoniczna-budynkow-urzedu-miasta-czestochowy\" target=\"_blank\" rel=\"noopener\">Dost\u0119pno\u015b\u0107 architektoniczna budynk\u00f3w Urz\u0119du Miasta Cz\u0119stochowy<\/a><\/section><\/section><section id=\"a11y-komunikacja\"><h3>Dost\u0119pno\u015b\u0107 komunikacyjno-informacyjna<\/h3><ul><li>W budynku Urz\u0119du Miasta Cz\u0119stochowy przy ul. \u015al\u0105skiej 11\/13 w Informacji Og\u00f3lnej (parter) znajduje si\u0119 p\u0119tla indukcyjna dla os\u00f3b s\u0142abos\u0142ysz\u0105cych.<\/li><li>Istnieje mo\u017cliwo\u015b\u0107 skorzystania z bezp\u0142atnych us\u0142ug t\u0142umacza migowego od poniedzia\u0142ku do pi\u0105tku bez konieczno\u015bci wcze\u015bniejszego umawiania si\u0119 w budynku Urz\u0119du Miasta Cz\u0119stochowy przy ul. \u015al\u0105skiej 11\/13 oraz przy ul. Jerzego Waszyngtona 5.<\/li><li><a href=\"https:\/\/bip.czestochowa.pl\/artykul\/71659\/1168909\/raport-o-stanie-zapewniania-dostepnosci-w-urzedzie-miasta-czestochowy\" target=\"_blank\" rel=\"noopener\">Aktualny raport z zapewnienia dost\u0119pno\u015bci<\/a><\/li><li><a href=\"https:\/\/bip.czestochowa.pl\/artykul\/71659\/1171379\/informacja-o-dzialalnosci-urzedu-tekst-odczytywalny-maszynowo\" target=\"_blank\" rel=\"noopener\">Informacja o dzia\u0142alno\u015bci \u2013 tekst odczytywalny maszynowo<\/a><\/li><li><a href=\"https:\/\/bip.czestochowa.pl\/artykul\/71659\/1171378\/informacja-o-dzialalnosci-urzedu-tekst-latwy-do-czytania-etr\" target=\"_blank\" rel=\"noopener\">Informacja o dzia\u0142alno\u015bci w tek\u015bcie \u0142atwym do czytania (ETR)<\/a><\/li><li><a href=\"https:\/\/bip.czestochowa.pl\/artykul\/71659\/1144527\/obsluga-osob-nieslyszacych\" target=\"_blank\" rel=\"noopener\">Informacja o naszej dzia\u0142alno\u015bci w j\u0119zyku migowym (PJM)<\/a><\/li><\/ul><\/section><\/section>\t\t\t\t\t\t\t\t<\/div>\n\t\t\t\t\t<\/div>\n\t\t\t\t<\/div>\n\t\t\t\t<\/div>\n\t\t","protected":false},"excerpt":{"rendered":"<p>Deklaracja dost\u0119pno\u015bci Urz\u0105d Miasta Cz\u0119stochowa zobowi\u0105zuje si\u0119 zapewni\u0107 dost\u0119pno\u015b\u0107 swojej strony internetowej zgodnie z ustaw\u0105 z dnia 4 kwietnia 2019 r. o dost\u0119pno\u015bci cyfrowej stron internetowych i aplikacji mobilnych podmiot\u00f3w publicznych. Deklaracja dost\u0119pno\u015bci dotyczy strony https:\/\/gwara.czestochowa.pl\/ Data publikacji strony internetowej: 2025-01-10 Data ostatniej istotnej aktualizacji:2025-01-10 Stan dost\u0119pno\u015bci cyfrowej Ta strona internetowa jest cz\u0119\u015bciowo zgodna z [&hellip;]<\/p>\n","protected":false},"author":1,"featured_media":0,"parent":0,"menu_order":0,"comment_status":"closed","ping_status":"closed","template":"","meta":{"footnotes":""},"class_list":["post-273","page","type-page","status-publish","hentry"],"_links":{"self":[{"href":"https:\/\/gwara.czestochowa.pl\/index.php\/wp-json\/wp\/v2\/pages\/273","targetHints":{"allow":["GET"]}}],"collection":[{"href":"https:\/\/gwara.czestochowa.pl\/index.php\/wp-json\/wp\/v2\/pages"}],"about":[{"href":"https:\/\/gwara.czestochowa.pl\/index.php\/wp-json\/wp\/v2\/types\/page"}],"author":[{"embeddable":true,"href":"https:\/\/gwara.czestochowa.pl\/index.php\/wp-json\/wp\/v2\/users\/1"}],"replies":[{"embeddable":true,"href":"https:\/\/gwara.czestochowa.pl\/index.php\/wp-json\/wp\/v2\/comments?post=273"}],"version-history":[{"count":4,"href":"https:\/\/gwara.czestochowa.pl\/index.php\/wp-json\/wp\/v2\/pages\/273\/revisions"}],"predecessor-version":[{"id":278,"href":"https:\/\/gwara.czestochowa.pl\/index.php\/wp-json\/wp\/v2\/pages\/273\/revisions\/278"}],"wp:attachment":[{"href":"https:\/\/gwara.czestochowa.pl\/index.php\/wp-json\/wp\/v2\/media?parent=273"}],"curies":[{"name":"wp","href":"https:\/\/api.w.org\/{rel}","templated":true}]}}